{"id":8681,"date":"2025-08-07T08:51:28","date_gmt":"2025-08-07T08:51:28","guid":{"rendered":"https:\/\/sustainablepackpt.pt\/privacy-policy\/"},"modified":"2025-12-02T12:31:00","modified_gmt":"2025-12-02T12:31:00","slug":"privacy-policy","status":"publish","type":"page","link":"https:\/\/sustainablepackpt.pt\/en\/privacy-policy\/","title":{"rendered":"Privacy Policy"},"content":{"rendered":"\n<h4 class=\"wp-block-heading has-primary-3-color has-text-color has-link-color wp-elements-e6ca232c0aade39f8ce8e21559fdb405\">Identification of the data controller<\/h4>\n\n<p class=\"has-primary-3-color has-text-color has-link-color wp-elements-440197605850f28fdcc152dc72838d49\"><strong>Association:<\/strong> NERLEI \u2013 Associa\u00e7\u00e3o Empresarial da Regi\u00e3o de Leiria (hereinafter \u201cNERLEI\u201d)<br\/>Registered office: Av. Bernardo Pimenta, Ed. NERLEI 2404-010 Leiria  <br\/><strong>NIPC (Tax ID): <\/strong>502286296<br\/>Telephone: +351 244 890 200<br\/><strong>E-mail:<\/strong> nerlei@nerlei.pt<\/p>\n\n<h4 class=\"wp-block-heading has-primary-3-color has-text-color has-link-color wp-elements-f2e1dd31f19f557776a51143c0ee9270\">Information and consent<\/h4>\n\n<p class=\"has-primary-3-color has-text-color has-link-color wp-elements-166c697341589a3e18fbb9bf057acb93\">The Personal Data Protection Law (hereinafter \u201cLPDP\u201d) and the General Data Protection Regulation (Regulation (EU) 2016\/679 of the European Parliament and of the Council of 27 April 2016, hereinafter \u201cGDPR\u201d) ensure the protection of natural persons with regard to the processing of personal data and the free movement of such data.<\/p>\n\n<p class=\"has-primary-3-color has-text-color has-link-color wp-elements-02b11fdba4397897ff39bba051b54a84\">For legal purposes, \u201cpersonal data\u201d means any \u201cinformation relating to an identified or identifiable natural person (\u2018data subject\u2019); an identifiable natural person is one who can be identified, directly or indirectly, in particular by reference to an identifier such as a name, an identification number, location data, an online identifier or to one or more factors specific to that natural person\u2019s physical, physiological, genetic, mental, economic, cultural or social identity\u201d.<\/p>\n\n<p class=\"has-primary-3-color has-text-color has-link-color wp-elements-4cecf862de070da6b080d806d2a4e83f\">By accepting this Privacy Policy, the user gives their informed, express, free and unequivocal consent to the fact that the personal data provided through the website <a href=\"https:\/\/sustainablepackpt.pt\/en\/\">https:\/\/sustainablepackpt.pt<\/a> are under the responsibility of <strong>NERLEI<\/strong>, whose processing, in accordance with the legislation on personal data protection, complies with the appropriate technical and organisational security measures.<\/p>\n\n<p class=\"has-primary-3-color has-text-color has-link-color wp-elements-668ca6f017a97f102ab322708a9b04f7\">NERLEI maintains a database with the records of its clients, composed solely of the personal data provided by the data subject at the time of registration, which are collected and processed automatically by NERLEI, as the entity responsible for the processing of personal data.<\/p>\n\n<p class=\"has-primary-3-color has-text-color has-link-color wp-elements-300c7978b8db7034862410e3bc6d97a9\">Under no circumstances will personal data be requested regarding racial or ethnic origin, political opinions, religious or philosophical beliefs, political opinions, trade union membership, data concerning health or sex life, genetic or biometric data, or data relating to sex life or sexual orientation.<\/p>\n\n<p class=\"has-primary-3-color has-text-color has-link-color wp-elements-0e3fc8be084e2cce0d26e153407f01a7\">Under no circumstances will NERLEI carry out any of the following activities with the personal data provided through this website, without the prior explicit consent of the data subject:<\/p>\n\n<ul class=\"wp-block-list\">\n<li class=\"has-primary-3-color has-text-color has-link-color wp-elements-4f60b0f9bbf63ec7c1bbb9cd89b4612d\">Transfer data outside the European Economic Area (EEA);<\/li>\n\n\n\n<li class=\"has-primary-3-color has-text-color has-link-color wp-elements-913a194fc9e7350f8176a670296fd1d3\">Disclose them to other persons or entities.<\/li>\n<\/ul>\n\n<h4 class=\"wp-block-heading has-primary-3-color has-text-color has-link-color wp-elements-64d793ed38301b7e1acc635ce6a77892\">Purposes of the processing of personal data<\/h4>\n\n<p class=\"has-primary-3-color has-text-color has-link-color wp-elements-a4d0e1c752f2d1a978ec5f342cee7675\">The personal data processed through this website will be used solely for the following purposes:<\/p>\n\n<ul class=\"wp-block-list\">\n<li class=\"has-primary-3-color has-text-color has-link-color wp-elements-c4b8c93e175e793e7c73652a0d844570\">Communication and clarification;<\/li>\n\n\n\n<li class=\"has-primary-3-color has-text-color has-link-color wp-elements-add0cae67f6419248a36af52c4045b50\">Applications or registrations;<\/li>\n\n\n\n<li class=\"has-primary-3-color has-text-color has-link-color wp-elements-2f6aaaa6c2366d8de103f80f0c504129\">Management of the provision of services inherent to <strong>NERLEI\u2019<\/strong>s activity;<\/li>\n\n\n\n<li class=\"has-primary-3-color has-text-color has-link-color wp-elements-b9f387b162a4b336c5491df657e8fb24\">Handling of information requests;<\/li>\n\n\n\n<li class=\"has-primary-3-color has-text-color has-link-color wp-elements-ffc281d71666b594857a0acca12beef3\">Handling of complaints;<\/li>\n\n\n\n<li class=\"has-primary-3-color has-text-color has-link-color wp-elements-b100e12b49e6ed7d70bf0aea8bc51ae7\">Disclosure of data to public or private entities in compliance with a contractual or legal obligation;<\/li>\n\n\n\n<li class=\"has-primary-3-color has-text-color has-link-color wp-elements-03efab2a64e291a96ed1ce797945e78d\">Informative communications and marketing.<\/li>\n<\/ul>\n\n<p class=\"has-primary-3-color has-text-color has-link-color wp-elements-9b2349d0897af5dba8a184ba3103e514\"><strong>NERLEI <\/strong>guarantees the confidentiality of all data provided. Although <strong>NERLEI <\/strong>collects and processes data in a secure manner that prevents their loss or manipulation, using the most appropriate techniques for this purpose, it is important to bear in mind that data collection over open networks allows personal data to circulate without security conditions, with the risk of being seen and used by unauthorised third parties. <\/p>\n\n<p class=\"has-primary-3-color has-text-color has-link-color wp-elements-562cf6c0e720befd5ba1df399c233c69\">Failure to provide the data marked as mandatory will make it impossible to respond to the data subject\u2019s request.<\/p>\n\n<h4 class=\"wp-block-heading has-primary-3-color has-text-color has-link-color wp-elements-1712161d95ec21ea287286041824fb98\">Security measures<\/h4>\n\n<p class=\"has-primary-3-color has-text-color has-link-color wp-elements-630f309c5aa0e43fd4758545e1168cc4\"><strong>NERLEI <\/strong>declares that it has implemented and will continue to implement the technical and organisational security measures necessary to ensure the protection of the personal data provided, in order to prevent their alteration, loss, unauthorised processing and\/or access, taking into account the current state of technology, the nature of the data stored and the risks to which they are exposed.<\/p>\n\n<p class=\"has-primary-3-color has-text-color has-link-color wp-elements-3c56ec256ffc619928d2eab2d478aa2d\"><strong>NERLEI<\/strong> guarantees the confidentiality of the data provided through this website. Data collection and processing are carried out securely, preventing their loss or manipulation. <\/p>\n\n<p class=\"has-primary-3-color has-text-color has-link-color wp-elements-392127ff59f7448f51bf6d4f08be9492\">Personal data are processed with the level of protection legally required to ensure their security and prevent alteration, loss, unauthorised processing or access, taking into account the state of the art, the user being aware of and accepting that security measures on the Internet are not impregnable.<\/p>\n\n<p class=\"has-primary-3-color has-text-color has-link-color wp-elements-19b1d8dbd6611e25c4b419902bc7811b\">Whenever <strong>NERLEI <\/strong>accesses personal data, it undertakes to:<\/p>\n\n<ul class=\"wp-block-list\">\n<li class=\"has-primary-3-color has-text-color has-link-color wp-elements-29155a62280dbbb332859c88844849c1\">Store them by means of legally required technical and organisational security measures which guarantee their protection, thus preventing alteration, loss, processing or unauthorised access, in accordance with the state of technology at any given time, the nature of the data and the possible risks to which they are exposed;<\/li>\n\n\n\n<li class=\"has-primary-3-color has-text-color has-link-color wp-elements-cfc8cf523f25fc72000f7cad0e7e206e\">Use the data exclusively for the purposes previously defined;<\/li>\n\n\n\n<li class=\"has-primary-3-color has-text-color has-link-color wp-elements-e529d88d8dfb39e763122470e0cf27d5\">Ensure that the data are processed solely by employees whose intervention is necessary to meet the data subject\u2019s request, and who are bound by a duty of secrecy and confidentiality. Should the information be disclosed to third parties for the aforementioned purposes, they shall be required to maintain the same confidentiality, in accordance with the provisions of this document. <\/li>\n<\/ul>\n\n<h4 class=\"wp-block-heading has-primary-3-color has-text-color has-link-color wp-elements-03c56bffb55edf98da7975113d27def6\">Commercial and informative communications<\/h4>\n\n<p class=\"has-primary-3-color has-text-color has-link-color wp-elements-2939e9ad46a95bb85062be4cdcfa8838\">One of the purposes for which the personal data provided by users are processed is the sending of electronic communications containing commercial information.<\/p>\n\n<p class=\"has-primary-3-color has-text-color has-link-color wp-elements-32b74344f3af541346d9d6de1641178e\">All such communications will be sent exclusively to users who have given their prior and express consent.<\/p>\n\n<p class=\"has-primary-3-color has-text-color has-link-color wp-elements-ab70d3a7deb209960da4efb505e6699c\">If the user no longer wishes to receive commercial or informative communications from <strong>NERLEI<\/strong>, they may object at any time by sending an e-mail to <a href=\"mailto:protecao.dados@nerlei.pt\">protecao.dados@nerlei.pt<\/a>.<\/p>\n\n<h4 class=\"wp-block-heading has-primary-3-color has-text-color has-link-color wp-elements-6eb65ed750ca09fd77ee151012a7d5ed\">Exercise of rights<\/h4>\n\n<p class=\"has-primary-3-color has-text-color has-link-color wp-elements-82d558c68e520abd274b719a067e129e\">In accordance with the provisions of the LPDP and the GDPR, the user may exercise, at any time, their rights of access, rectification, erasure, restriction of processing, objection and data portability, by means of a written request addressed to NERLEI through the following channels:<\/p>\n\n<ul class=\"wp-block-list\">\n<li class=\"has-primary-3-color has-text-color has-link-color wp-elements-ff71decebb1ff826ec0f503e56c6c1de\">By post to the address: Av. Bernardo Pimenta, Ed. NERLEI 2404-010 Leiria  <\/li>\n\n\n\n<li class=\"has-primary-3-color has-text-color has-link-color wp-elements-014addde12bc425701ae2d035ec75bb3\">By e-mail to: <a href=\"mailto:protecao.dados@nerlei.pt\">protecao.dados@nerlei.pt<\/a><strong>.<\/strong><\/li>\n<\/ul>\n\n<h4 class=\"wp-block-heading has-primary-3-color has-text-color has-link-color wp-elements-ad232678e660377b94c39a803a0d0651\">Supervisory authority<\/h4>\n\n<p class=\"has-primary-3-color has-text-color has-link-color wp-elements-2daf3f1e8891994358a1b4703d308ce5\">Under the law, the data subject has the right to lodge a complaint regarding personal data protection with the competent supervisory authority, the Comiss\u00e3o Nacional de Prote\u00e7\u00e3o de Dados (CNPD) \u2013 National Data Protection Commission (<a href=\"http:\/\/www.cnpd.pt\/\">www.cnpd.pt<\/a>).<\/p>\n\n<p class=\"has-primary-3-color has-text-color has-link-color wp-elements-be8dde1b98d712bbddf22539489991d2\"><\/p>\n","protected":false},"excerpt":{"rendered":"<p>Identification of the data controller Association: NERLEI \u2013 Associa\u00e7\u00e3o Empresarial da Regi\u00e3o de Leiria (hereinafter \u201cNERLEI\u201d)Registered office: Av. Bernardo Pimenta, Ed. NERLEI 2404-010 Leiria NIPC (Tax ID): 502286296Telephone: +351 244 [&hellip;]<\/p>\n","protected":false},"author":1,"featured_media":0,"parent":0,"menu_order":0,"comment_status":"closed","ping_status":"open","template":"","meta":{"content-type":"","footnotes":""},"class_list":["post-8681","page","type-page","status-publish","hentry","grve-entry-item"],"yoast_head":"<!-- This site is optimized with the Yoast SEO plugin v25.8 - https:\/\/yoast.com\/wordpress\/plugins\/seo\/ -->\n<title>Privacy Policy - Think Sustainable. Grow Global.<\/title>\n<meta name=\"robots\" content=\"index, follow, max-snippet:-1, max-image-preview:large, max-video-preview:-1\" \/>\n<link rel=\"canonical\" href=\"https:\/\/sustainablepackpt.pt\/en\/privacy-policy\/\" \/>\n<meta property=\"og:locale\" content=\"en_US\" \/>\n<meta property=\"og:type\" content=\"article\" \/>\n<meta property=\"og:title\" content=\"Privacy Policy - Think Sustainable. Grow Global.\" \/>\n<meta property=\"og:description\" content=\"Identification of the data controller Association: NERLEI \u2013 Associa\u00e7\u00e3o Empresarial da Regi\u00e3o de Leiria (hereinafter \u201cNERLEI\u201d)Registered office: Av. Bernardo Pimenta, Ed. NERLEI 2404-010 Leiria NIPC (Tax ID): 502286296Telephone: +351 244 [&hellip;]\" \/>\n<meta property=\"og:url\" content=\"https:\/\/sustainablepackpt.pt\/en\/privacy-policy\/\" \/>\n<meta property=\"og:site_name\" content=\"Think Sustainable. Grow Global.\" \/>\n<meta property=\"article:publisher\" content=\"https:\/\/www.facebook.com\/sustainablepackpt\" \/>\n<meta property=\"article:modified_time\" content=\"2025-12-02T12:31:00+00:00\" \/>\n<meta name=\"twitter:card\" content=\"summary_large_image\" \/>\n<meta name=\"twitter:label1\" content=\"Est. reading time\" \/>\n\t<meta name=\"twitter:data1\" content=\"5 minutes\" \/>\n<script type=\"application\/ld+json\" class=\"yoast-schema-graph\">{\"@context\":\"https:\/\/schema.org\",\"@graph\":[{\"@type\":\"WebPage\",\"@id\":\"https:\/\/sustainablepackpt.pt\/en\/privacy-policy\/\",\"url\":\"https:\/\/sustainablepackpt.pt\/en\/privacy-policy\/\",\"name\":\"Privacy Policy - Think Sustainable. Grow Global.\",\"isPartOf\":{\"@id\":\"https:\/\/sustainablepackpt.pt\/en\/#website\"},\"datePublished\":\"2025-08-07T08:51:28+00:00\",\"dateModified\":\"2025-12-02T12:31:00+00:00\",\"breadcrumb\":{\"@id\":\"https:\/\/sustainablepackpt.pt\/en\/privacy-policy\/#breadcrumb\"},\"inLanguage\":\"en-US\",\"potentialAction\":[{\"@type\":\"ReadAction\",\"target\":[\"https:\/\/sustainablepackpt.pt\/en\/privacy-policy\/\"]}]},{\"@type\":\"BreadcrumbList\",\"@id\":\"https:\/\/sustainablepackpt.pt\/en\/privacy-policy\/#breadcrumb\",\"itemListElement\":[{\"@type\":\"ListItem\",\"position\":1,\"name\":\"In\u00edcio\",\"item\":\"https:\/\/sustainablepackpt.pt\/en\/\"},{\"@type\":\"ListItem\",\"position\":2,\"name\":\"Privacy Policy\"}]},{\"@type\":\"WebSite\",\"@id\":\"https:\/\/sustainablepackpt.pt\/en\/#website\",\"url\":\"https:\/\/sustainablepackpt.pt\/en\/\",\"name\":\"Innovative from Portugal\",\"description\":\"\",\"publisher\":{\"@id\":\"https:\/\/sustainablepackpt.pt\/en\/#organization\"},\"potentialAction\":[{\"@type\":\"SearchAction\",\"target\":{\"@type\":\"EntryPoint\",\"urlTemplate\":\"https:\/\/sustainablepackpt.pt\/en\/?s={search_term_string}\"},\"query-input\":{\"@type\":\"PropertyValueSpecification\",\"valueRequired\":true,\"valueName\":\"search_term_string\"}}],\"inLanguage\":\"en-US\"},{\"@type\":\"Organization\",\"@id\":\"https:\/\/sustainablepackpt.pt\/en\/#organization\",\"name\":\"Sustainable PackPT\",\"url\":\"https:\/\/sustainablepackpt.pt\/en\/\",\"logo\":{\"@type\":\"ImageObject\",\"inLanguage\":\"en-US\",\"@id\":\"https:\/\/sustainablepackpt.pt\/en\/#\/schema\/logo\/image\/\",\"url\":\"https:\/\/sustainablepackpt.pt\/wp-content\/uploads\/logo-sustainablepackpt-dark.png\",\"contentUrl\":\"https:\/\/sustainablepackpt.pt\/wp-content\/uploads\/logo-sustainablepackpt-dark.png\",\"width\":674,\"height\":218,\"caption\":\"Sustainable PackPT\"},\"image\":{\"@id\":\"https:\/\/sustainablepackpt.pt\/en\/#\/schema\/logo\/image\/\"},\"sameAs\":[\"https:\/\/www.facebook.com\/sustainablepackpt\",\"https:\/\/www.linkedin.com\/showcase\/sustainablepackpt\/\"]}]}<\/script>\n<!-- \/ Yoast SEO plugin. -->","yoast_head_json":{"title":"Privacy Policy - Think Sustainable. Grow Global.","robots":{"index":"index","follow":"follow","max-snippet":"max-snippet:-1","max-image-preview":"max-image-preview:large","max-video-preview":"max-video-preview:-1"},"canonical":"https:\/\/sustainablepackpt.pt\/en\/privacy-policy\/","og_locale":"en_US","og_type":"article","og_title":"Privacy Policy - Think Sustainable. Grow Global.","og_description":"Identification of the data controller Association: NERLEI \u2013 Associa\u00e7\u00e3o Empresarial da Regi\u00e3o de Leiria (hereinafter \u201cNERLEI\u201d)Registered office: Av. Bernardo Pimenta, Ed. NERLEI 2404-010 Leiria NIPC (Tax ID): 502286296Telephone: +351 244 [&hellip;]","og_url":"https:\/\/sustainablepackpt.pt\/en\/privacy-policy\/","og_site_name":"Think Sustainable. Grow Global.","article_publisher":"https:\/\/www.facebook.com\/sustainablepackpt","article_modified_time":"2025-12-02T12:31:00+00:00","twitter_card":"summary_large_image","twitter_misc":{"Est. reading time":"5 minutes"},"schema":{"@context":"https:\/\/schema.org","@graph":[{"@type":"WebPage","@id":"https:\/\/sustainablepackpt.pt\/en\/privacy-policy\/","url":"https:\/\/sustainablepackpt.pt\/en\/privacy-policy\/","name":"Privacy Policy - Think Sustainable. Grow Global.","isPartOf":{"@id":"https:\/\/sustainablepackpt.pt\/en\/#website"},"datePublished":"2025-08-07T08:51:28+00:00","dateModified":"2025-12-02T12:31:00+00:00","breadcrumb":{"@id":"https:\/\/sustainablepackpt.pt\/en\/privacy-policy\/#breadcrumb"},"inLanguage":"en-US","potentialAction":[{"@type":"ReadAction","target":["https:\/\/sustainablepackpt.pt\/en\/privacy-policy\/"]}]},{"@type":"BreadcrumbList","@id":"https:\/\/sustainablepackpt.pt\/en\/privacy-policy\/#breadcrumb","itemListElement":[{"@type":"ListItem","position":1,"name":"In\u00edcio","item":"https:\/\/sustainablepackpt.pt\/en\/"},{"@type":"ListItem","position":2,"name":"Privacy Policy"}]},{"@type":"WebSite","@id":"https:\/\/sustainablepackpt.pt\/en\/#website","url":"https:\/\/sustainablepackpt.pt\/en\/","name":"Innovative from Portugal","description":"","publisher":{"@id":"https:\/\/sustainablepackpt.pt\/en\/#organization"},"potentialAction":[{"@type":"SearchAction","target":{"@type":"EntryPoint","urlTemplate":"https:\/\/sustainablepackpt.pt\/en\/?s={search_term_string}"},"query-input":{"@type":"PropertyValueSpecification","valueRequired":true,"valueName":"search_term_string"}}],"inLanguage":"en-US"},{"@type":"Organization","@id":"https:\/\/sustainablepackpt.pt\/en\/#organization","name":"Sustainable PackPT","url":"https:\/\/sustainablepackpt.pt\/en\/","logo":{"@type":"ImageObject","inLanguage":"en-US","@id":"https:\/\/sustainablepackpt.pt\/en\/#\/schema\/logo\/image\/","url":"https:\/\/sustainablepackpt.pt\/wp-content\/uploads\/logo-sustainablepackpt-dark.png","contentUrl":"https:\/\/sustainablepackpt.pt\/wp-content\/uploads\/logo-sustainablepackpt-dark.png","width":674,"height":218,"caption":"Sustainable PackPT"},"image":{"@id":"https:\/\/sustainablepackpt.pt\/en\/#\/schema\/logo\/image\/"},"sameAs":["https:\/\/www.facebook.com\/sustainablepackpt","https:\/\/www.linkedin.com\/showcase\/sustainablepackpt\/"]}]}},"_links":{"self":[{"href":"https:\/\/sustainablepackpt.pt\/en\/wp-json\/wp\/v2\/pages\/8681","targetHints":{"allow":["GET"]}}],"collection":[{"href":"https:\/\/sustainablepackpt.pt\/en\/wp-json\/wp\/v2\/pages"}],"about":[{"href":"https:\/\/sustainablepackpt.pt\/en\/wp-json\/wp\/v2\/types\/page"}],"author":[{"embeddable":true,"href":"https:\/\/sustainablepackpt.pt\/en\/wp-json\/wp\/v2\/users\/1"}],"replies":[{"embeddable":true,"href":"https:\/\/sustainablepackpt.pt\/en\/wp-json\/wp\/v2\/comments?post=8681"}],"version-history":[{"count":1,"href":"https:\/\/sustainablepackpt.pt\/en\/wp-json\/wp\/v2\/pages\/8681\/revisions"}],"predecessor-version":[{"id":8682,"href":"https:\/\/sustainablepackpt.pt\/en\/wp-json\/wp\/v2\/pages\/8681\/revisions\/8682"}],"wp:attachment":[{"href":"https:\/\/sustainablepackpt.pt\/en\/wp-json\/wp\/v2\/media?parent=8681"}],"curies":[{"name":"wp","href":"https:\/\/api.w.org\/{rel}","templated":true}]}}